{"id":27,"date":"2024-08-08T18:00:47","date_gmt":"2024-08-08T18:00:47","guid":{"rendered":"https:\/\/kiss.iaw.ruhr-uni-bochum.de\/?page_id=27"},"modified":"2025-06-05T11:01:48","modified_gmt":"2025-06-05T11:01:48","slug":"projektbeschreibung","status":"publish","type":"page","link":"https:\/\/kiss.iaw.ruhr-uni-bochum.de\/","title":{"rendered":"KISS &#8211; KI-unterst\u00fctzte Steigerung der Mobilit\u00e4t und gesellschaftlichen Teilhabe von Senior:innen"},"content":{"rendered":"\n<p>Projektpartner: Prof Dr. Christian Meske (Ruhr-Universit\u00e4t Bochum, Lead), Prof. Dr.-Ing. Ayseg\u00fcl Dogang\u00fcn (Hochschule Ruhr West)<\/p>\n\n\n\n<p>F\u00f6rderinstitution: Bundesamt f\u00fcr Familie und zivlgesellschaftliche Aufgaben, Bundesministerium f\u00fcr Bildung, Familie, Senioren, Frauen und Jugend<\/p>\n\n\n\n<p>F\u00f6rdervolumen: 690.000 EUR (350.000 EUR)<\/p>\n\n\n\n<p>Projektdauer: 36 Monate (01.01.2023-31.12.2025)<\/p>\n\n\n\n<p>Projektfokus:<br>Mobilit\u00e4t ist Basis gesellschaftlicher Teilhabe, sozialen Austausches, sowie individueller Freiheit. Mit zunehmendem Alter sinkt die Mobilit\u00e4t, u.a. aufgrund physischer Einschr\u00e4nkungen sowie einhergehender, empfundener Unsicherheit. In KISS wird partizipativ mit der Zielgruppe der Senior:innen ein verst\u00e4ndliches, nutzendenadaptives Handlungsempfehlungssystem im Sinne des Citizen Science sowie Positive Computing co-entwickelt und im Feld evaluiert. Das System motiviert auf Basis von Civic Data und erkl\u00e4rbarer KI dazu, individuelle Aktivit\u00e4tsangebote zur gesellschaftlichen Teilhabe wahrzunehmen. Individuelle Mobilit\u00e4tsbarrieren werden verringert und das Mobilit\u00e4tsverhalten \u00e4lterer Menschen langfristig gest\u00e4rkt.<\/p>\n","protected":false},"excerpt":{"rendered":"<p>Projektpartner: Prof Dr. Christian Meske (Ruhr-Universit\u00e4t Bochum, Lead), Prof. Dr.-Ing. Ayseg\u00fcl Dogang\u00fcn (Hochschule Ruhr West) F\u00f6rderinstitution: Bundesamt f\u00fcr Familie und zivlgesellschaftliche Aufgaben, Bundesministerium f\u00fcr Bildung, Familie, Senioren, Frauen und Jugend F\u00f6rdervolumen: 690.000 EUR (350.000 EUR) Projektdauer: 36 Monate (01.01.2023-31.12.2025) Projektfokus:Mobilit\u00e4t ist Basis gesellschaftlicher Teilhabe, sozialen Austausches, sowie individueller Freiheit. Mit zunehmendem Alter sinkt die Mobilit\u00e4t, [&hellip;]<\/p>\n","protected":false},"author":1,"featured_media":0,"parent":0,"menu_order":0,"comment_status":"closed","ping_status":"closed","template":"wp-custom-template-start","meta":{"footnotes":""},"class_list":["post-27","page","type-page","status-publish","hentry"],"_links":{"self":[{"href":"https:\/\/kiss.iaw.ruhr-uni-bochum.de\/index.php?rest_route=\/wp\/v2\/pages\/27","targetHints":{"allow":["GET"]}}],"collection":[{"href":"https:\/\/kiss.iaw.ruhr-uni-bochum.de\/index.php?rest_route=\/wp\/v2\/pages"}],"about":[{"href":"https:\/\/kiss.iaw.ruhr-uni-bochum.de\/index.php?rest_route=\/wp\/v2\/types\/page"}],"author":[{"embeddable":true,"href":"https:\/\/kiss.iaw.ruhr-uni-bochum.de\/index.php?rest_route=\/wp\/v2\/users\/1"}],"replies":[{"embeddable":true,"href":"https:\/\/kiss.iaw.ruhr-uni-bochum.de\/index.php?rest_route=%2Fwp%2Fv2%2Fcomments&post=27"}],"version-history":[{"count":8,"href":"https:\/\/kiss.iaw.ruhr-uni-bochum.de\/index.php?rest_route=\/wp\/v2\/pages\/27\/revisions"}],"predecessor-version":[{"id":122,"href":"https:\/\/kiss.iaw.ruhr-uni-bochum.de\/index.php?rest_route=\/wp\/v2\/pages\/27\/revisions\/122"}],"wp:attachment":[{"href":"https:\/\/kiss.iaw.ruhr-uni-bochum.de\/index.php?rest_route=%2Fwp%2Fv2%2Fmedia&parent=27"}],"curies":[{"name":"wp","href":"https:\/\/api.w.org\/{rel}","templated":true}]}}